{"id":1031,"date":"2025-03-06T22:30:50","date_gmt":"2025-03-06T22:30:50","guid":{"rendered":"https:\/\/mdlzbmr.com\/clifhourlybakery\/?page_id=1031"},"modified":"2025-08-26T18:07:00","modified_gmt":"2025-08-26T18:07:00","slug":"quarterly-quick-bites-spanish","status":"publish","type":"page","link":"https:\/\/mdlzbmr.com\/clifhourlybakery\/quarterly-quick-bites-spanish\/","title":{"rendered":"Quarterly Quick Bites &#8211; Spanish"},"content":{"rendered":"\n<h1  id=\"large-text\">\n\t\t\tQuarterly Quick Bites: <br \/>Primera edici\u00f3n\t<\/h1>\n\t\u00a1Actualizaciones cortas para que se<br \/>\nmantenga al tanto de sus beneficios!\n\t<p><b>Tenga en cuenta que los recursos y sitios web vinculados a este documento podr\u00edan estar disponibles solo en ingl\u00e9s.<\/b><\/p>\n\t\t\t\t<img decoding=\"async\" src=\"https:\/\/mdlzbmr.com\/snuh\/wp-content\/uploads\/sites\/3\/2025\/02\/MDLZ-Text-Mockup-noshadow.jpeg?_t=1738550909\" alt=\"\" itemprop=\"image\" onerror=\"this.style.display='none'\" loading='lazy' \/>\n<h2>\n\t\t\tNo se lo pierda\t<\/h2>\n\t<p>\u00a1Mant\u00e9ngase informado con comunicaciones oportunas por correo electr\u00f3nico y mensajes de texto cortos!<\/p>\n<p>Estas notificaciones le ofrecen actualizaciones importantes sobre su cobertura de salud y bienestar, como novedades, anuncios sobre el per\u00edodo de inscripci\u00f3n anual y fechas l\u00edmite importantes.<\/p>\n<p><b>C\u00f3mo suscribirse a los mensajes de texto y confirmar o actualizar su\u00a0direcci\u00f3n\u00a0de correo electr\u00f3nico &#8220;principal&#8221;:<\/b><\/p>\n<ul>\n<li>\n<ol>\n<li>\n<p>Inicie sesi\u00f3n en su cuenta en <a href=\"http:\/\/mdlzmybenefitsonline.com\/\" target=\"_blank\" rel=\"noopener\">MyBenefits Online<\/a>. Si es la primera vez que accede, haga clic en <strong>Register <\/strong>(Registrarse) en la secci\u00f3n <strong>Don&#8217;t have an account? <\/strong>(\u00bfNo tiene una cuenta?) y configure su nombre de usuario, contrase\u00f1a y preguntas de seguridad (la clave de la compa\u00f1\u00eda es <strong>MDLZ<\/strong>).<\/p>\n<\/li>\n<li>\n<p>Haga clic en su nombre en la esquina superior derecha y seleccione <strong>Profile <\/strong>(Perfil).<\/p>\n<\/li>\n<li>En <strong>Personal Preferences<\/strong>, Preferencias personales), confirme que su n\u00famero de tel\u00e9fono y correo electr\u00f3nico est\u00e9n actualizados, que su direcci\u00f3n de correo electr\u00f3nico &#8220;principal&#8221; sea correcta y que haya activado la opci\u00f3n de recibir mensajes de texto.<\/li>\n<li>\n<p>Si no es as\u00ed, haga clic en <strong>Edit <\/strong>(Editar) en <strong>Contact Preferences <\/strong>(Preferencias de contacto) para realizar los cambios necesarios.<\/p>\n<\/li>\n<li>\n<p>Seleccione <strong>Save <\/strong>(Guardar), \u00a1y listo!<\/p>\n<\/li>\n<\/ol>\n<\/li>\n<\/ul>\n\t\t\t<a href=\"http:\/\/mdlzmybenefitsonline.com\" target=\"_blank\" rel=\"noopener\">\n\t\t\t\t\t\t\tComprueba tus preferencias\n\t\t\t<\/a>\n<h2>\n\t\t\t\u00a1Participe para ganar un localizador Tile!\t<\/h2>\n\t\t\t\t<img decoding=\"async\" src=\"https:\/\/mdlzbmr.com\/snuh\/wp-content\/uploads\/sites\/3\/2025\/02\/TileTracker-150x150.png?_t=1739299301\" alt=\"\" itemprop=\"image\" onerror=\"this.style.display='none'\" loading='lazy' \/>\n\t<p>Como agradecimiento por revisar nuestra primera edici\u00f3n del bolet\u00edn trimestral, estamos obsequiando un localizador Tile patrocinado por nuestro nuevo administrador de beneficios, Businessolver. \u00a1Participe antes del 31 de marzo de 2025!<\/p>\n<strong>\u00bfQu\u00e9 es un Tile?<\/strong><br \/>\n\u00a1Buena pregunta! Los localizadores Tile lo ayudan a encontrar objetos como sus llaves, billetera, maleta o tel\u00e9fono, y adem\u00e1s, pueden enviar una alerta SOS a sus seres queridos. <a href=\"https:\/\/www.tile.com\/how-it-works\" target=\"_blank\" rel=\"noopener\">Mas informaci\u00f3n &gt;<\/a>\n<strong>C\u00f3mo participar para ganar:<\/strong><br \/>\n<a href=\"https:\/\/mdlzqb.paperform.co\/\" target=\"_blank\" rel=\"noopener\">Haga clic aqu\u00ed<\/a>, complete un breve formulario y presione Submit (Enviar) para participar. Nuestros socios en Businessolver\u00a0seleccionar\u00e1n el formulario ganador el 1 de abril y contactar\u00e1n al \u00fanico ganador antes del 4 de abril.\n\t\t\t<a href=\"https:\/\/mdlzqb.paperform.co\/\" target=\"_blank\" rel=\"noopener\">\n\t\t\t\t\t\t\tEntra ahora\n\t\t\t<\/a>\n    <img decoding=\"async\" src=\"https:\/\/mdlzbmr.com\/snuh\/wp-content\/uploads\/sites\/3\/2025\/02\/Blue-Heading-Background.png\"\/>\n    <h2>Noticias de salud<\/h2>\n\t<p>Siempre que tenga cobertura de medicamentos recetados patrocinada por MDLZ a trav\u00e9s de CVS Caremark, puede aprovechar una herramienta de ahorro de costos a trav\u00e9s de Rx Savings Solutions (RxSS). Adem\u00e1s, si est\u00e1 inscrito en el Plan M\u00e9dico Global de Mondel\u0113z (Plan m\u00e9dico), puede acceder sin costo adicional a los servicios de Vida Health, Progyny, Hinge Health dise\u00f1ados para cubrir sus necesidades espec\u00edficas de atenci\u00f3n m\u00e9dica.<\/p>\n    <h2>Vida Health: su camino personalizado hacia el bienestar<\/h2>\n    <img decoding=\"async\" src=\"https:\/\/mdlzbmr.com\/snuh\/wp-content\/uploads\/sites\/3\/2025\/02\/VidaHealthLogo-Horizontal.png\" \/>\n\t<p><b>Novedades para 2025:<\/b> Vida Health ofrece un enfoque integral con herramientas y asesoramiento personalizado para ayudarlo a alcanzar sus metas de salud.<\/p>\n<p><b>Esto es lo que puede esperar:<\/b><\/p>\n<ul>\n<li><b>Apoyo<\/b> para el manejo y control del peso, la diabetes y enfermedades cr\u00f3nicas (como la hipertensi\u00f3n).<\/li>\n<li><b>Un equipo de atenci\u00f3n especializada<\/b> que incluye entrenadores y, si es necesario, proveedores m\u00e9dicos.<\/li>\n<li><b>Si est\u00e1 inscrito en el programa de manejo de diabetes de Vida Health,<\/b> podr\u00e1 recibir una b\u00e1scula inteligente, un medidor de glucosa en la sangre, tiras reactivas o lancetas despu\u00e9s de completar la primera sesi\u00f3n con un dietista registrado (Registered Dietician, RD) (la asignaci\u00f3n est\u00e1 sujeta a criterios cl\u00ednicos).<\/li>\n<li><b>Si est\u00e1 trabajando para controlar la presi\u00f3n arterial alta<\/b> al participar en el programa de enfermedades cr\u00f3nicas, podr\u00e1 recibir un tensi\u00f3metro (la asignaci\u00f3n est\u00e1 sujeta a criterios cl\u00ednicos).<\/li>\n<\/ul>\n<p><b>Datos interesantes:<\/b><\/p>\n<ul>\n<li>Los miembros experimentan generalmente una p\u00e9rdida de peso de <b>al menos un 5 %<\/b>, lo que los Centros para el control y la prevenci\u00f3n de enfermedades (Centers for Disease Control and Prevention, CDC) consideran cl\u00ednicamente significativo.<\/li>\n<li>Los niveles de az\u00facar en sangre mejoran en <b>1.4 puntos en un per\u00edodo de seis meses.<\/b><\/li>\n<li>En tan solo <b>tres meses<\/b>, se observa una reducci\u00f3n del estr\u00e9s y mejoras en el bienestar.<\/li>\n<\/ul>\n<p><b>Importante:<\/b> si le recetan un medicamento contra la obesidad (Anti-Obesity Medication, AOM), incluido el p\u00e9ptido similar al glucag\u00f3n tipo 1 (Glucagon-Like Peptide-1, GLP-1) para el manejo y control de peso, debe inscribirse y participar en Vida Health antes de que su AOM (o GLP-1) sea elegible para recibir beneficios seg\u00fan su cobertura de medicamentos recetados patrocinada por MDLZ.<\/p>\n<p><b>Empiece hoy mismo:<\/b> Visite <a href=\"http:\/\/vida.com\/MDLZ\" target=\"_blank\" rel=\"noopener\">vida.com\/MDLZ<\/a> o llame al <a href=\"tel:18337322242\">1-833-732-2242<\/a>. Si necesita ayuda, env\u00ede un correo a\u00a0support@vida.com.<\/p>\n    <h2>Hinge Health: alivio r\u00e1pido para el dolor articular y muscular<\/h2>\n    <img decoding=\"async\" src=\"https:\/\/mdlzbmr.com\/snuh\/wp-content\/uploads\/sites\/3\/2025\/02\/Hinge-Health-2023.png\" \/>\n\t<p>\u00a1No permita que el dolor lo detenga en 2025! Hinge Health ofrece un enfoque innovador y basado en evidencia para el manejo del dolor articular y muscular. Ya sea que sufra molestias cr\u00f3nicas o dolores ocasionales, Hinge Health lo ayuda a recuperar el control.<\/p>\n<p><b>Esto es lo que ofrece Hinge Health:<\/b><\/p>\n<ul>\n<li>Terapia personalizada: reciba ejercicios terap\u00e9uticos adaptados a sus necesidades y el apoyo de un equipo especializado.<\/li>\n<li>Alivio del dolor sin adicci\u00f3n: pruebe el Hinge Health Enso\u00ae, un dispositivo port\u00e1til aprobado por la Administraci\u00f3n de Alimentos y Medicamentos (Food and Drug Administration, FDA) dise\u00f1ado para reducir el dolor.<\/li>\n<li>Secciones c\u00f3modas: dedique solo 15 minutos al d\u00eda, desde la comodidad de su hogar o dondequiera que est\u00e9.<\/li>\n<\/ul>\n<p><b>Resultados comprobados:<\/b><\/p>\n<ul>\n<li>Los participantes reportan una reducci\u00f3n del 68 % en el dolor tras solo 12 semanas de uso.<\/li>\n<li>&#8220;El dolor desaparece y puedo enfocarme en disfrutar la vida&#8221;. Stephanie, miembro de Hinge Health.<\/li>\n<\/ul>\n<p><b>Empiece hoy mismo:<\/b> Visite <a href=\"http:\/\/hingehealth.com\/MDLZ\" target=\"_blank\" rel=\"noopener\">hingehealth.com\/MDLZ<\/a> o llame al <a href=\"tel:1-8559022777\">1-855-902-2777<\/a>.<\/p>\n    <h2>RxSS: simplifique sus ahorros en medicamentos<\/h2>\n    <img decoding=\"async\" src=\"https:\/\/mdlzbmr.com\/snuh\/wp-content\/uploads\/sites\/3\/2025\/02\/RxSavingsSolutions-RxSS.png\" \/>\n\t<p><b>Novedades para 2025:<\/b> administrar los costos de sus medicamentos ya no tiene por qu\u00e9 ser estresante. RxSS lo\u00a0ayuda a\u00a0encontrar opciones rentables para sus medicamentos recetados.<\/p>\n<p><b>Con RxSS, puede:<\/b><\/p>\n<ul>\n<li><b>Comparar costos:<\/b> encuentre alternativas igual de efectivas y m\u00e1s econ\u00f3micas para sus medicamentos recetados.<\/li>\n<li><b>Recibir alertas proactivas:<\/b> obtenga notificaciones sobre nuevas oportunidades de ahorro.<\/li>\n<li><b>Conocer sus opciones: <\/b>consulte con el equipo de t\u00e9cnicos farmac\u00e9uticos certificados de RxSS para conocer m\u00e1s sobre las oportunidades de ahorro disponibles.<\/li>\n<li><b>Cambiar f\u00e1cilmente a un medicamento de menor costo: <\/b>RxSS coordina con su m\u00e9dico para aprobar cualquier cambio y luego trabaja con su farmacia para completar el proceso.<\/li>\n<\/ul>\n<p><b>Disfrutar del ahorro: <\/b>active su cuenta en <a href=\"http:\/\/myrxss.com\" target=\"_blank\" rel=\"noopener\">myrxss.com<\/a> o llame al <a href=\"tel:18002684476\">1-800-268-4476<\/a>.<\/p>\n    <h2>Progyny: apoyo en su camino hacia la paternidad\n<\/h2>\n    <img decoding=\"async\" src=\"https:\/\/mdlzbmr.com\/snuh\/wp-content\/uploads\/sites\/3\/2025\/02\/ProgynyLogo.png\" \/>\n\t<p>Iniciar o ampliar su familia puede parecer abrumador, pero Progyny est\u00e1 aqu\u00ed para brindarle el apoyo que necesita.<\/p>\n<p><b>Est\u00e9 atento para m\u00e1s detalles en marzo<\/b>, cuando nos enfocaremos en la planificaci\u00f3n familiar. Aprender\u00e1 c\u00f3mo Progyny puede ayudarlo a sembrar las bases del futuro de su familia esta primavera.<\/p>\n<p><b>Mientras tanto:<\/b> Visite <a href=\"http:\/\/progyny.com\/benefits\" target=\"_blank\" rel=\"noopener\">progyny.com\/benefits<\/a> o llame al <a href=\"tel:18449303344\">1-844-930-3344<\/a>.<\/p>\n    <img decoding=\"async\" src=\"https:\/\/mdlzbmr.com\/snuh\/wp-content\/uploads\/sites\/3\/2025\/02\/Green-Heading-Background.png\"\/>\n    <h2>Noticias financieras\n<\/h2>\n\t\t\t\t<img decoding=\"async\" src=\"https:\/\/mdlzbmr.com\/snuh\/wp-content\/uploads\/sites\/3\/2025\/02\/QQB-Image-2.png?_t=1739296205\" alt=\"MomentumNewsletterJuly2025-Mondelez\" itemprop=\"image\" title=\"MomentumNewsletterJuly2025-Mondelez\" onerror=\"this.style.display='none'\" loading='lazy' \/>\n    <h2>Fidelity: disfrute de la libertad financiera<\/h2>\n    <img decoding=\"async\" src=\"https:\/\/mdlzbmr.com\/snuh\/wp-content\/uploads\/sites\/3\/2025\/02\/Fidelity.png\" \/>\n\t<p>Tome el control de su futuro financiero con herramientas y recursos s\u00f3lidos de Fidelity Investments\u00ae. Ya sea que est\u00e9 planificando su jubilaci\u00f3n o gestionando su presupuesto, Fidelity\u00a0est\u00e1 aqu\u00ed para ayudarlo.<\/p>\n<ul>\n<li><b>Visite la <\/b><a href=\"https:\/\/communications.fidelity.com\/pw\/multicultural\/black-community\/\" target=\"_blank\" rel=\"noopener\">p\u00e1gina de la comunidad Creating Black Wealth<\/a><b>:<\/b> aunque el mes de la Historia Afroamericana termin\u00f3 el 1 de marzo, esta p\u00e1gina est\u00e1 disponible todo el a\u00f1o. Fidelity la actualiza regularmente con grabaciones de\u00a0eventos y recursos de educaci\u00f3n financiera.<\/li>\n<li><b>Participe en un evento del mes de la Historia de la Mujer:<\/b> Fidelity patrocina nuevamente su serie Women Talk Money (Las mujeres hablan de dinero) en marzo. La serie de tres eventos comienza el 12 de marzo y ofrecer\u00e1 una perspectiva fresca sobre c\u00f3mo pensar en el\u00a0dinero. Los invitados especiales incluyen a:\n<ul>\n<li>\n<ul>\n<li>Bobbi Brown (Fundadora y directora general de Jones Road Beauty).<\/li>\n<li>Kate Ryder (Fundadora y directora general de Maven Clinic).<\/li>\n<li>Robin Roberts (Copresentadora de &#8220;Good Morning America&#8221; de ABC).<\/li>\n<\/ul>\n<\/li>\n<\/ul>\n<\/li>\n<\/ul>\n<p>Para m\u00e1s detalles, est\u00e9 atento al correo electr\u00f3nico de Fidelity la primera semana de marzo. Si desea registrarse ahora\u00a0para cada uno de los tres eventos, puede hacerlo <a href=\"https:\/\/fidelityevents.com\/women-talk-money-events?utm_campaign=PSWArticlePage\" target=\"_blank\" rel=\"noopener\">aqu\u00ed<\/a>.<\/p>\n<ul>\n<li><b>Beneficios exclusivos:<\/b> \u00a1No olvide que es temporada de impuestos! Ahorre un 25\u00a0% en la preparaci\u00f3n de impuestos\u00a0al utilizar TurboTax\u00ae y acceda a trav\u00e9s del sitio web de Fidelity NetBenefits\u00ae. TurboTax ofrece declaraciones de impuestos en\u00a0l\u00ednea simplificadas y productos flexibles. Las opciones van desde declaraciones\u00a0sencillas gratuitas hasta declaraciones complejas como las de bienes inmuebles o peque\u00f1as empresas. Para m\u00e1s detalles, visite el <a href=\"https:\/\/nb.fidelity.com\/static\/mybenefits\/netbenefitslogin\/#\/login?option=ngIAWellnessTopic&amp;topicId=taxprep&amp;recommendation=TaxPrep\" target=\"_blank\" rel=\"noopener\">sitio web de NetBenefits<\/a>.<\/li>\n<\/ul>\nImportante: TurboTax\u00ae y Fidelity Investments son entidades independientes y no tienen afiliaci\u00f3n legal.<br \/>\nFidelity Brokerage Services LLC, Miembro de NYSE y SIPC, 900 Salem Street, Smithfield, RI 02917<br \/>\n\u00a9 2025 FMR LLC. Todos los derechos reservados.<br \/>\n1193124.1.0\n    <img decoding=\"async\" src=\"https:\/\/mdlzbmr.com\/snuh\/wp-content\/uploads\/sites\/3\/2025\/02\/Purple-Heading-Background.png\"\/>\n    <h2>Noticias de BIENESTAR<\/h2>\n    <h2>Apoyo a nuestro Programa de Asistencia al Empleado (Employee Assistance Program, EAP)<\/h2>\n    <img decoding=\"async\" src=\"https:\/\/mdlzbmr.com\/snuh\/wp-content\/uploads\/sites\/3\/2025\/02\/MagellanHealthcare-Logo.png\" \/>\n\t<p><strong>Enfoque de marzo: invierta en su descanso<\/strong><\/p>\n<p>Es hora de darle al sue\u00f1o la atenci\u00f3n que merece. Magellan Healthcare, nuestro administrador del EAP, ofrece recursos para destacar las muchas formas en que el sue\u00f1o puede beneficiarlo.<\/p>\n<p><strong>Esto es lo que puede consultar este mes:<\/strong><\/p>\n<ul>\n<li><strong>Seminario web:<\/strong> descubra el papel crucial que juega el sue\u00f1o en la salud mental y f\u00edsica. \u00danase a la sesi\u00f3n &#8220;Prioritize Sleep to Boost Your Well-Being&#8221; (Priorice el sue\u00f1o para impulsar su\u00a0bienestar) el 12 de marzo a\u00a0la\u00a01:00 p. m. (Hora central). <a href=\"https:\/\/events-na4.adobeconnect.com\/content\/adobeconnect\/32\/825364167\/en\/events\/event\/shared\/2644531015\/event_landing.html?sco-id=2776462860&amp;_charset_=utf-8\" target=\"_blank\" rel=\"noopener\">Reg\u00edstrese aqu\u00ed.<\/a>.<\/li>\n<li><strong>Disfrute de estos beneficios del sue\u00f1o:<\/strong>\n<ul>\n<li>Mejora la memoria.<\/li>\n<li>Repara el da\u00f1o tisular causado por el estr\u00e9s, el esfuerzo, los rayos ultravioleta y otras afecciones.<\/li>\n<li>Aumenta la energ\u00eda y el estado de alerta.<\/li>\n<li>Influye en el metabolismo y la inflamaci\u00f3n.<\/li>\n<\/ul>\n<\/li>\n<li><strong>Descubra m\u00e1s recursos y seminarios web que suceder\u00e1n en marzo:<\/strong> Visite la<a href=\"https:\/\/mdlzbmr.com\/clifhourlybakery\/eap\/\">p\u00e1gina del Programa de\u00a0Asistencia al Empleado (EAP)<\/a> en el sitio web de Benefits Made Right.<\/li>\n<\/ul>\n<p><strong>Si es gerente, Magellan ofrece estos recursos para ayudarlo a prosperar como l\u00edder:<\/strong><\/p>\n<ul>\n<li><strong>Seminario web para gerentes:<\/strong> aprenda sobre los aspectos clave del bienestar, su impacto en su efectividad como l\u00edder, formas de integrar el bienestar en su rutina diaria y c\u00f3mo apoyar el bienestar dentro de su equipo. \u00danase a\u00a0la\u00a0sesi\u00f3n &#8220;Thrive at Work: A Guide to Well-Being for Leaders&#8221; (Prosperar en el trabajo: una gu\u00eda de bienestar para l\u00edderes) el 26 de marzo a la 1:00 p. m. (Hora central). <u><a href=\"https:\/\/events-na4.adobeconnect.com\/content\/adobeconnect\/32\/825364167\/en\/events\/event\/shared\/2644531015\/event_landing.html?sco-id=2776355551&amp;_charset_=utf-8\" target=\"_blank\" rel=\"noopener\">Reg\u00edstrese aqu\u00ed.<\/a><\/u>.<\/li>\n<li><strong>Bolet\u00edn para gerentes:<\/strong> \u00bfQuiere aprender nuevas formas de tener \u00e9xito como gerente? Adopte ciertas estrategias para apoyar a la fuerza laboral en un entorno en constante cambio. <a href=\"https:\/\/mdlzbmr.com\/clifhourlybakery\/wp-content\/uploads\/sites\/4\/2025\/02\/Momentum_Manager_Newsletter_-_Mondelez_International-English.pdf\" target=\"_blank\" rel=\"noopener\">Conozca m\u00e1s en el bolet\u00edn de este mes espec\u00edficamente enfocado para gerentes.<\/a>.<\/li>\n<\/ul>\n<p>Para asistencia confidencial, llame al <a href=\"tel:18003274581\">1-800-327-4581<\/a>. O acceda al <a href=\"http:\/\/member.magellanhealthcare.com\" target=\"_blank\" rel=\"noopener\">sitio web de Magellan Healthcare<\/a>.<\/p>\n\t\t\t<a href=\"http:\/\/member.magellanhealthcare.com\" target=\"_blank\" rel=\"noopener\">\n\t\t\t\t\t\t\tEmpezar\n\t\t\t<\/a>\n\t\t\t\t<img decoding=\"async\" src=\"https:\/\/mdlzbmr.com\/snuh\/wp-content\/uploads\/sites\/3\/2025\/02\/QQB-Image-1.png?_t=1739295740\" alt=\"ManagerGuideSupportStaffafterTraumaticEvents-MondelezInternational\" itemprop=\"image\" title=\"ManagerGuideSupportStaffafterTraumaticEvents-MondelezInternational\" onerror=\"this.style.display='none'\" loading='lazy' \/>\n\n","protected":false},"excerpt":{"rendered":"<div class=\"entry-summary\">\n<div class=\"entry-summary\">\nQuarterly Quick Bites: Primera edici\u00f3n \u00a1Actualizaciones cortas para que se mantenga al&hellip;\n<\/div>\n<div class=\"link-more\"><a href=\"https:\/\/mdlzbmr.com\/clifhourlybakery\/quarterly-quick-bites-spanish\/\" class=\"more-link\">Continue reading<span class=\"screen-reader-text\"> &ldquo;Quarterly Quick Bites &#8211; Spanish&rdquo;<\/span>&hellip;<\/a><\/div>\n<\/div>\n<div class=\"link-more\"><a href=\"https:\/\/mdlzbmr.com\/clifhourlybakery\/quarterly-quick-bites-spanish\/\" class=\"more-link\">Continue reading<span class=\"screen-reader-text\"> &ldquo;Quarterly Quick Bites &#8211; Spanish&rdquo;<\/span>&hellip;<\/a><\/div>\n","protected":false},"author":1,"featured_media":0,"parent":0,"menu_order":0,"comment_status":"closed","ping_status":"closed","template":"page-template\/_fullwidth.php","meta":{"_acf_changed":false,"inline_featured_image":false,"footnotes":""},"class_list":["post-1031","page","type-page","status-publish","hentry","entry"],"acf":[],"_links":{"self":[{"href":"https:\/\/mdlzbmr.com\/clifhourlybakery\/wp-json\/wp\/v2\/pages\/1031","targetHints":{"allow":["GET"]}}],"collection":[{"href":"https:\/\/mdlzbmr.com\/clifhourlybakery\/wp-json\/wp\/v2\/pages"}],"about":[{"href":"https:\/\/mdlzbmr.com\/clifhourlybakery\/wp-json\/wp\/v2\/types\/page"}],"author":[{"embeddable":true,"href":"https:\/\/mdlzbmr.com\/clifhourlybakery\/wp-json\/wp\/v2\/users\/1"}],"replies":[{"embeddable":true,"href":"https:\/\/mdlzbmr.com\/clifhourlybakery\/wp-json\/wp\/v2\/comments?post=1031"}],"version-history":[{"count":9,"href":"https:\/\/mdlzbmr.com\/clifhourlybakery\/wp-json\/wp\/v2\/pages\/1031\/revisions"}],"predecessor-version":[{"id":1314,"href":"https:\/\/mdlzbmr.com\/clifhourlybakery\/wp-json\/wp\/v2\/pages\/1031\/revisions\/1314"}],"wp:attachment":[{"href":"https:\/\/mdlzbmr.com\/clifhourlybakery\/wp-json\/wp\/v2\/media?parent=1031"}],"curies":[{"name":"wp","href":"https:\/\/api.w.org\/{rel}","templated":true}]}}